{"id":147,"date":"2021-08-26T18:15:04","date_gmt":"2021-08-26T16:15:04","guid":{"rendered":"https:\/\/localhost\/margit\/?page_id=147"},"modified":"2023-05-29T15:23:29","modified_gmt":"2023-05-29T13:23:29","slug":"physioenergetik","status":"publish","type":"page","link":"https:\/\/www.margit-danninger.at\/?page_id=147","title":{"rendered":"Physioenergetik"},"content":{"rendered":"\n<div class=\"wp-block-group alignfull\"><div class=\"wp-block-group__inner-container is-layout-flow wp-block-group-is-layout-flow\">\n<div class=\"wp-block-group\"><div class=\"wp-block-group__inner-container is-layout-flow wp-block-group-is-layout-flow\">\n<div class=\"wp-block-columns is-layout-flex wp-container-core-columns-is-layout-9d6595d7 wp-block-columns-is-layout-flex\">\n<div class=\"wp-block-column is-layout-flow wp-block-column-is-layout-flow\">\n<p>Bei der Physioenergetik handelt es sich um ein kinesiologisches, ganzheitliches Test- und Behandlungsverfahren. Durch ein Biofeedback System \u2013 also <strong>ein \u201eGespr\u00e4ch\u201c mit dem K\u00f6rper auf der Ebene des Unbewussten<\/strong> \u2013 ist es m\u00f6glich, Probleme zu erforschen und diese an ihrem Ursprung zu behandeln:<\/p>\n\n\n\n<p>Mittels <strong>Arml\u00e4ngenreflextest<\/strong> wird nach der Ursache verschiedenster Probleme oder St\u00f6rungen gesucht und diese k\u00f6nnen im Anschluss an die Testung gezielt behandelt werden. Der Arml\u00e4ngenreflex ist eine Reaktion des K\u00f6rpers auf verschiedene Informationen: Verursacht eine bestimmte Information <em>Stress<\/em> f\u00fcr die Testperson, so reagiert ihr K\u00f6rper mit einer kurzfristigen <em>Verk\u00fcrzung<\/em> von Muskelketten, verursacht die Information keinen Stress, bleibt der Muskel unver\u00e4ndert. Durch ein leichtes Ziehen an den Armen des Getesteten wird die eventuelle Differenz f\u00fcr Physioenergetiker deutlich sichtbar.<\/p>\n<\/div>\n<\/div>\n<\/div><\/div>\n<\/div><\/div>\n\n\n\n<div style=\"height:100px\" aria-hidden=\"true\" class=\"wp-block-spacer\"><\/div>\n\n\n\n<div class=\"wp-block-group alignfull has-background\" style=\"background-color:#e5e9ec\"><div class=\"wp-block-group__inner-container is-layout-flow wp-block-group-is-layout-flow\">\n<div class=\"wp-block-group\"><div class=\"wp-block-group__inner-container is-layout-flow wp-block-group-is-layout-flow\">\n<div class=\"wp-block-columns is-layout-flex wp-container-core-columns-is-layout-9d6595d7 wp-block-columns-is-layout-flex\">\n<div class=\"wp-block-column is-layout-flow wp-block-column-is-layout-flow\">\n<div style=\"height:100px\" aria-hidden=\"true\" class=\"wp-block-spacer\"><\/div>\n\n\n\n<p>Prinzipiell wird unterschieden, auf welcher der vier Ebenen (struktureller, biochemischer, psychischer und informativer Ebene) der Mensch eine Unterst\u00fctzung ben\u00f6tigt, um die vorhandenen Blockaden zu l\u00f6sen und die Selbstheilungskr\u00e4fte wieder aktivieren zu k\u00f6nnen. F\u00fcr jede Ebene gibt es eine Reihe von wirksamen Methoden: <\/p>\n\n\n\n<div class=\"wp-block-columns is-layout-flex wp-container-core-columns-is-layout-9d6595d7 wp-block-columns-is-layout-flex\">\n<div class=\"wp-block-column is-layout-flow wp-block-column-is-layout-flow\">\n<h3 class=\"wp-block-heading\">Strukturelle Ebene<\/h3>\n\n\n\n<ul class=\"wp-block-list\">\n<li>Bewegungssysteme (Wirbels\u00e4ule, Becken, Gelenke,&#8230; )<\/li>\n\n\n\n<li>Gewebesysteme (Bindegewebe, Nervengewebe, &#8230;)<\/li>\n\n\n\n<li>Organsysteme (Verdauungstrakt,&#8230; )<\/li>\n<\/ul>\n\n\n\n<h3 class=\"wp-block-heading\">Biochemische Ebene<\/h3>\n\n\n\n<ul class=\"wp-block-list\">\n<li>Schwermetallbelastungen (Amalgam, Pestizide, Umweltgifte,&#8230;)<\/li>\n\n\n\n<li>Organausleitungen (Leber, Niere, Lymphe, ZNS)<\/li>\n\n\n\n<li>Nahrungsmittelunvertr\u00e4glichkeiten (Ei, Hefe, Milch, Weizen, Zucker, Gluten,&#8230;)<\/li>\n\n\n\n<li>Infektionen (Bakterien, Viren, Parasiten, Candida,&#8230;)<\/li>\n\n\n\n<li>Verdauungsprobleme<\/li>\n\n\n\n<li>Mangel an Vitaminen, Spurenelementen, Mineralstoffen, Enzymen,&#8230;<\/li>\n<\/ul>\n<\/div>\n\n\n\n<div class=\"wp-block-column is-layout-flow wp-block-column-is-layout-flow\">\n<h3 class=\"wp-block-heading\">Psychische \/ emotionale Ebene<\/h3>\n\n\n\n<ul class=\"wp-block-list\">\n<li>Innere Unruhe<\/li>\n\n\n\n<li>Einschr\u00e4nkende Glaubenss\u00e4tze<\/li>\n\n\n\n<li>Unerl\u00f6ste seelische Konflikte<\/li>\n\n\n\n<li>Traumata<\/li>\n\n\n\n<li>emotionale Unausgeglichenheiten<\/li>\n<\/ul>\n\n\n\n<h3 class=\"wp-block-heading\">Informative Ebene<\/h3>\n\n\n\n<ul class=\"wp-block-list\">\n<li>Meridiansystem<\/li>\n\n\n\n<li>Akupressurpunkte<\/li>\n\n\n\n<li>Narbenst\u00f6rfelder<\/li>\n\n\n\n<li>Zahnherde<\/li>\n\n\n\n<li>Geopathologie, Elektrosmog<\/li>\n\n\n\n<li>Aura, Chakren, Energieniveau<\/li>\n<\/ul>\n<\/div>\n<\/div>\n<\/div>\n<\/div>\n<\/div><\/div>\n<\/div><\/div>\n\n\n\n<div style=\"height:100px\" aria-hidden=\"true\" class=\"wp-block-spacer\"><\/div>\n\n\n\n<div class=\"wp-block-group alignfull\"><div class=\"wp-block-group__inner-container is-layout-flow wp-block-group-is-layout-flow\">\n<div class=\"wp-block-group\"><div class=\"wp-block-group__inner-container is-layout-flow wp-block-group-is-layout-flow\">\n<div class=\"wp-block-columns is-layout-flex wp-container-core-columns-is-layout-9d6595d7 wp-block-columns-is-layout-flex\">\n<div class=\"wp-block-column is-layout-flow wp-block-column-is-layout-flow\">\n<p>Zu den m\u00f6glichen <strong>Ursachen, die Ihr Wohlbefinden blockieren k\u00f6nnen<\/strong> und die ich im Rahmen einer <em>Physioenergetischen Balance<\/em> austeste, z\u00e4hlen beispielsweise:<\/p>\n\n\n\n<ul class=\"wp-block-list\">\n<li>Unvertr\u00e4glichkeiten (Weizen, Milch \u2026)<\/li>\n\n\n\n<li>Stoffwechsel (Kohlenhydrat-, Eiwei\u00df-, Fettstoffwechsel)<\/li>\n\n\n\n<li>Ausleitungsorgane (Leber, Niere, Lymphe \u2026)<\/li>\n\n\n\n<li>Darm (Leaky-Gut-Syndrom \u2026)<\/li>\n\n\n\n<li>Hormonsystem (Hypophyse, Schilddr\u00fcse, Nebenniere \u2026)<\/li>\n\n\n\n<li>Candida-\u00dcberbelastung (Pilze im Darm z.B. nach Antibiotikagaben)<\/li>\n\n\n\n<li>Mangel an Vitaminen und Mineralstoffen<\/li>\n\n\n\n<li>Schwermetallbelastungen (z.B. durch Amalgam)<\/li>\n\n\n\n<li>Psychische Belastungen <\/li>\n\n\n\n<li>Strukturelle Beschwerden<\/li>\n<\/ul>\n\n\n\n<div style=\"height:100px\" aria-hidden=\"true\" class=\"wp-block-spacer\"><\/div>\n\n\n\n<div class=\"wp-block-group\"><div class=\"wp-block-group__inner-container is-layout-constrained wp-block-group-is-layout-constrained\">\n<div class=\"wp-block-group alignfull has-background\" style=\"background-color:#e5e9ec\"><div class=\"wp-block-group__inner-container is-layout-flow wp-block-group-is-layout-flow\">\n<div class=\"wp-block-group\"><div class=\"wp-block-group__inner-container is-layout-flow wp-block-group-is-layout-flow\">\n<div class=\"wp-block-columns is-layout-flex wp-container-core-columns-is-layout-9d6595d7 wp-block-columns-is-layout-flex\">\n<div class=\"wp-block-column is-layout-flow wp-block-column-is-layout-flow\">\n<div style=\"height:100px\" aria-hidden=\"true\" class=\"wp-block-spacer\"><\/div>\n\n\n\n<p><strong>Auf Basis dieser Testung<\/strong> erfolgt die individuell ma\u00dfgeschneiderte Anwendung von \u00c4therischen \u00d6len, Akupressur, Phytotherapie, Spagyrik, Mikron\u00e4hrstoffen, Bl\u00fctenessenzen, Sch\u00fcssler Mineralstoffen, Heilpilzen u. a. zur effektiven Unterst\u00fctzung Ihrer Gesundheit.<\/p>\n\n\n\n<p>Ihr K\u00f6rper wird auf verschiedenen Ebenen unterst\u00fctzt bzw. ausgeglichen, st\u00f6rende Faktoren werden beseitigt und eine Basis f\u00fcr Ihre innere Balance wird geschaffen.<\/p>\n<\/div>\n<\/div>\n<\/div><\/div>\n\n\n\n<div style=\"height:100px\" aria-hidden=\"true\" class=\"wp-block-spacer\"><\/div>\n<\/div><\/div>\n<\/div><\/div>\n<\/div>\n<\/div>\n<\/div><\/div>\n<\/div><\/div>\n\n\n\n<div style=\"height:100px\" aria-hidden=\"true\" class=\"wp-block-spacer\"><\/div>\n\n\n\n<p>Eine <em>Physioenergetische Balance<\/em> eignet sich auch besonders <strong>f\u00fcr Kinder<\/strong> in herausfordernden Situationen. Z.B.:<\/p>\n\n\n\n<ul class=\"wp-block-list\">\n<li>Ankunft eines neuen Geschwisterchens<\/li>\n\n\n\n<li>Eingew\u00f6hnung in Krippe, Kindergarten oder Schule<\/li>\n\n\n\n<li>Trennung der Eltern<\/li>\n\n\n\n<li>\u00dcbersiedlung sowie der damit verbundene Verlust der gewohnten Umgebung und wichtiger Bezugspersonen und Freunde<\/li>\n\n\n\n<li>Konzentrations- und Lernschwierigkeiten<\/li>\n\n\n\n<li>Bettn\u00e4ssen, Schlafprobleme, R\u00fcckzug<\/li>\n\n\n\n<li>Psychosomatische Beschwerden<\/li>\n\n\n\n<li>Belastende emotionale Zust\u00e4nde: z. B. Wutausbr\u00fcche, \u00c4ngste, niedriges Selbstwertgef\u00fchl, Traurigkeit<\/li>\n<\/ul>\n\n\n\n<p>Kinder k\u00f6nnen ab dem 5. Lebensjahr getestet werden, kleinere Kinder werden \u00fcber eine<\/p>\n\n\n\n<p>Surrogatperson (meistens ein Elternteil) getestet. &#8211; Eine Surrogatperson ist eine \u201eErsatzperson\u201c, welche der zu testenden Person sozusagen ihren Arm leiht, sodass der Muskel dieser Person kinesiologisch getestet wird, w\u00e4hrend sie in k\u00f6rperlichem Kontakt mit der eigentlich zu testenden Person steht und deren Informationen wie ein elektrischer Leiter weitergibt.<\/p>\n\n\n\n<div style=\"height:100px\" aria-hidden=\"true\" class=\"wp-block-spacer\"><\/div>\n","protected":false},"excerpt":{"rendered":"<p>Bei der Physioenergetik handelt es sich um ein kinesiologisches, ganzheitliches Test- und Behandlungsverfahren. Durch ein Biofeedback System \u2013 also ein \u201eGespr\u00e4ch\u201c mit dem K\u00f6rper auf der Ebene des Unbewussten \u2013 ist es m\u00f6glich, Probleme zu erforschen und diese an ihrem Ursprung zu behandeln: Mittels Arml\u00e4ngenreflextest wird nach der Ursache verschiedenster Probleme oder St\u00f6rungen gesucht und &hellip; <\/p>\n<p class=\"link-more\"><a href=\"https:\/\/www.margit-danninger.at\/?page_id=147\" class=\"more-link\">Mehr <span class=\"screen-reader-text\">\u00fcber &#8222;Physioenergetik&#8220; <\/span>Lesen<\/a><\/p>\n","protected":false},"author":1,"featured_media":0,"parent":0,"menu_order":0,"comment_status":"closed","ping_status":"closed","template":"","meta":{"footnotes":""},"class_list":["post-147","page","type-page","status-publish","hentry"],"_links":{"self":[{"href":"https:\/\/www.margit-danninger.at\/index.php?rest_route=\/wp\/v2\/pages\/147","targetHints":{"allow":["GET"]}}],"collection":[{"href":"https:\/\/www.margit-danninger.at\/index.php?rest_route=\/wp\/v2\/pages"}],"about":[{"href":"https:\/\/www.margit-danninger.at\/index.php?rest_route=\/wp\/v2\/types\/page"}],"author":[{"embeddable":true,"href":"https:\/\/www.margit-danninger.at\/index.php?rest_route=\/wp\/v2\/users\/1"}],"replies":[{"embeddable":true,"href":"https:\/\/www.margit-danninger.at\/index.php?rest_route=%2Fwp%2Fv2%2Fcomments&post=147"}],"version-history":[{"count":30,"href":"https:\/\/www.margit-danninger.at\/index.php?rest_route=\/wp\/v2\/pages\/147\/revisions"}],"predecessor-version":[{"id":482,"href":"https:\/\/www.margit-danninger.at\/index.php?rest_route=\/wp\/v2\/pages\/147\/revisions\/482"}],"wp:attachment":[{"href":"https:\/\/www.margit-danninger.at\/index.php?rest_route=%2Fwp%2Fv2%2Fmedia&parent=147"}],"curies":[{"name":"wp","href":"https:\/\/api.w.org\/{rel}","templated":true}]}}