{"id":191,"date":"2021-08-27T11:56:17","date_gmt":"2021-08-27T09:56:17","guid":{"rendered":"https:\/\/localhost\/margit\/?page_id=191"},"modified":"2024-10-22T09:42:19","modified_gmt":"2024-10-22T07:42:19","slug":"vitalfeldtherapie","status":"publish","type":"page","link":"https:\/\/www.margit-danninger.at\/?page_id=191","title":{"rendered":"Vitalfeldmessung und -therapie"},"content":{"rendered":"\n<p>Jeder gesunde Organismus weist typische elektromagnetische Felder, Impulsstrukturen und Rhythmen auf, die zusammenfassend als Vitalfeld bezeichnet werden k\u00f6nnen. Jeder geschw\u00e4chte bzw. erkrankte Organismus weist Abweichungen von diesen Mustern auf \u2013 entweder in Richtung zu starrer oder in Richtung zu chaotischer Impulsstrukturen und Rhythmen.<\/p>\n\n\n\n<div class=\"wp-block-columns is-layout-flex wp-container-core-columns-is-layout-9d6595d7 wp-block-columns-is-layout-flex\">\n<div class=\"wp-block-column is-vertically-aligned-center is-layout-flow wp-block-column-is-layout-flow\" style=\"flex-basis:66.66%\">\n<p>Das Vitalfeld steht in st\u00e4ndiger Wechselwirkung mit allen physiologischen Abl\u00e4ufen des K\u00f6rpers und seiner Umgebung und ist st\u00e4ndig in Bewegung. Es ist universit\u00e4tsmedizinisch bisher nur in Teilen anerkannt und erforscht. Vieles deutet jedoch darauf hin, dass es von entscheidender Bedeutung f\u00fcr die Steuerung aller Lebensvorg\u00e4nge ist und s\u00e4mtliche Funktionen und Abl\u00e4ufe des K\u00f6rpers beeinflusst. Es kann wertvolle Informationen \u00fcber den Gesundheitszustand eines Organismus liefern und von au\u00dfen positiv beeinflusst werden.<\/p>\n\n\n\n<p>Nach einem \u00e4hnlichen Prinzip wie in der Bioresonanz kann dadurch der menschliche Organismus sowohl untersucht als auch behandelt werden.<\/p>\n<\/div>\n\n\n\n<div class=\"wp-block-column is-vertically-aligned-center is-layout-flow wp-block-column-is-layout-flow\" style=\"flex-basis:33.33%\">\n<figure class=\"wp-block-image alignwide size-large is-style-rounded\"><img loading=\"lazy\" decoding=\"async\" width=\"683\" height=\"1024\" src=\"https:\/\/www.margit-danninger.at\/wp-content\/uploads\/2023\/11\/8Q6A0077-683x1024.jpg\" alt=\"\" class=\"wp-image-517\" srcset=\"https:\/\/www.margit-danninger.at\/wp-content\/uploads\/2023\/11\/8Q6A0077-683x1024.jpg 683w, https:\/\/www.margit-danninger.at\/wp-content\/uploads\/2023\/11\/8Q6A0077-200x300.jpg 200w, https:\/\/www.margit-danninger.at\/wp-content\/uploads\/2023\/11\/8Q6A0077-768x1152.jpg 768w, https:\/\/www.margit-danninger.at\/wp-content\/uploads\/2023\/11\/8Q6A0077-1024x1536.jpg 1024w, https:\/\/www.margit-danninger.at\/wp-content\/uploads\/2023\/11\/8Q6A0077-1365x2048.jpg 1365w, https:\/\/www.margit-danninger.at\/wp-content\/uploads\/2023\/11\/8Q6A0077-2000x3000.jpg 2000w, https:\/\/www.margit-danninger.at\/wp-content\/uploads\/2023\/11\/8Q6A0077-1800x2700.jpg 1800w, https:\/\/www.margit-danninger.at\/wp-content\/uploads\/2023\/11\/8Q6A0077-scaled.jpg 1707w\" sizes=\"auto, (max-width: 683px) 100vw, 683px\" \/><\/figure>\n<\/div>\n<\/div>\n\n\n\n<div style=\"height:100px\" aria-hidden=\"true\" class=\"wp-block-spacer\"><\/div>\n\n\n\n<div class=\"wp-block-group alignfull has-background\" style=\"background-color:#e5e9ec\"><div class=\"wp-block-group__inner-container is-layout-flow wp-block-group-is-layout-flow\">\n<div class=\"wp-block-group\"><div class=\"wp-block-group__inner-container is-layout-flow wp-block-group-is-layout-flow\">\n<div class=\"wp-block-columns is-layout-flex wp-container-core-columns-is-layout-9d6595d7 wp-block-columns-is-layout-flex\">\n<div class=\"wp-block-column is-layout-flow wp-block-column-is-layout-flow\">\n<h2 class=\"wp-block-heading\"><strong>Messung: Global Diagnostics Ganzk\u00f6rperscreening<\/strong><\/h2>\n\n\n\n<div style=\"height:50px\" aria-hidden=\"true\" class=\"wp-block-spacer\"><\/div>\n\n\n\n<div class=\"wp-block-columns is-layout-flex wp-container-core-columns-is-layout-9d6595d7 wp-block-columns-is-layout-flex\">\n<div class=\"wp-block-column is-layout-flow wp-block-column-is-layout-flow\" style=\"flex-basis:33.33%\">\n<figure class=\"wp-block-image size-large is-style-rounded\"><img loading=\"lazy\" decoding=\"async\" width=\"683\" height=\"1024\" src=\"https:\/\/www.margit-danninger.at\/wp-content\/uploads\/2023\/11\/8Q6A0087-683x1024.jpg\" alt=\"\" class=\"wp-image-529\" srcset=\"https:\/\/www.margit-danninger.at\/wp-content\/uploads\/2023\/11\/8Q6A0087-683x1024.jpg 683w, https:\/\/www.margit-danninger.at\/wp-content\/uploads\/2023\/11\/8Q6A0087-200x300.jpg 200w, https:\/\/www.margit-danninger.at\/wp-content\/uploads\/2023\/11\/8Q6A0087-768x1152.jpg 768w, https:\/\/www.margit-danninger.at\/wp-content\/uploads\/2023\/11\/8Q6A0087-1024x1536.jpg 1024w, https:\/\/www.margit-danninger.at\/wp-content\/uploads\/2023\/11\/8Q6A0087-1365x2048.jpg 1365w, https:\/\/www.margit-danninger.at\/wp-content\/uploads\/2023\/11\/8Q6A0087-2000x3000.jpg 2000w, https:\/\/www.margit-danninger.at\/wp-content\/uploads\/2023\/11\/8Q6A0087-1800x2700.jpg 1800w, https:\/\/www.margit-danninger.at\/wp-content\/uploads\/2023\/11\/8Q6A0087-scaled.jpg 1707w\" sizes=\"auto, (max-width: 683px) 100vw, 683px\" \/><\/figure>\n<\/div>\n\n\n\n<div class=\"wp-block-column is-vertically-aligned-center is-layout-flow wp-block-column-is-layout-flow\" style=\"flex-basis:66.66%\">\n<p>Global Diagnostics regt das Vitalfeld mit unz\u00e4hligen kleinen Impulsen an, welche \u00fcber Elektroden an den F\u00fc\u00dfen \u00fcbertragen werden. Innerhalb von acht Minuten werden \u00fcber 200 Millionen Einzelmessungen durchgef\u00fchrt und den \u00fcber 600 Messobjekten (= K\u00f6rperstrukturen) zugeordnet. Dadurch erh\u00e4lt man wertvolle Informationen \u00fcber alle Organe, \u00fcber das Lymph-, Verdauungs- und Immunsystem, den Bewegungsapparat usw. Die Auswertung erscheint grafisch aufbereitet am Computerbildschirm.<\/p>\n\n\n\n<p>Anschlie\u00dfend kann mit diesem Ger\u00e4t eine <strong>individuell abgestimmte Therapie<\/strong> durchgef\u00fchrt werden:<\/p>\n<\/div>\n<\/div>\n\n\n\n<h2 class=\"wp-block-heading\">Therapie<\/h2>\n\n\n\n<p>Die Vitalfeldtherapie wurde entwickelt, um ein durch Mangelzust\u00e4nde, Belastungen und Erkrankungen gest\u00f6rtes Vitalfeld zu unterst\u00fctzen und in seine nat\u00fcrliche Balance zur\u00fcckzuf\u00fchren. Die Behandlung erfolgt nach dem Vorbild der nat\u00fcrlichen Zellkommunikation \u00fcber ultraschwache elektrische und elektromagnetische Impulse. Sie ist schmerzfrei, daher ist sie auch f\u00fcr sensible Personen und Kinder sehr gut geeignet.<\/p>\n\n\n\n<p>Die Behandlung wird \u00fcber Elektroden im Liegen oder Sitzen durchgef\u00fchrt und dauert meist ca. eine Stunde (sowohl die Dauer als auch die Anzahl der Behandlungen k\u00f6nnen je nach Diagnose variieren). Ziel ist es, Belastungen zu reduzieren, das Immunsystem anzuregen, den Stoffwechsel anzukurbeln, Entgiftungsfunktionen zu unterst\u00fctzen sowie Regenerations- und Heilungsprozesse zu f\u00f6rdern.<\/p>\n\n\n\n<hr class=\"wp-block-separator has-alpha-channel-opacity\"\/>\n\n\n\n<div class=\"wp-block-columns alignwide is-layout-flex wp-container-core-columns-is-layout-9d6595d7 wp-block-columns-is-layout-flex\">\n<div class=\"wp-block-column is-vertically-aligned-center is-layout-flow wp-block-column-is-layout-flow\" style=\"flex-basis:33.33%\">\n<figure class=\"wp-block-image alignwide size-full is-style-rounded\"><a href=\"https:\/\/www.vitatec.com\/de\/anwendung\/anwendungsmoglichkeiten\/vitalfeld-messung-und-auswertung\/\" target=\"_blank\" rel=\"noreferrer noopener\"><img loading=\"lazy\" decoding=\"async\" width=\"800\" height=\"450\" src=\"https:\/\/www.margit-danninger.at\/wp-content\/uploads\/2024\/10\/image.png\" alt=\"\" class=\"wp-image-857\" srcset=\"https:\/\/www.margit-danninger.at\/wp-content\/uploads\/2024\/10\/image.png 800w, https:\/\/www.margit-danninger.at\/wp-content\/uploads\/2024\/10\/image-300x169.png 300w, https:\/\/www.margit-danninger.at\/wp-content\/uploads\/2024\/10\/image-768x432.png 768w\" sizes=\"auto, (max-width: 800px) 100vw, 800px\" \/><\/a><\/figure>\n<\/div>\n\n\n\n<div class=\"wp-block-column is-layout-flow wp-block-column-is-layout-flow\" style=\"flex-basis:66.66%\">\n<p>Alle medizinischen Module der Vitalfeld-Technologie-Ger\u00e4te sind nach den vorgeschriebenen EU-Richtlinien zertifiziert und dem Medizinproduktegesetz (MPG) entsprechend zugelassen. Weitere Informationen \u00fcber Global Diagnostics und die Vitalfeldtherapie sind unter <a href=\"https:\/\/www.vitatec.com\/de\/anwendung\/anwendungsmoglichkeiten\/vitalfeld-messung-und-auswertung\/\" data-type=\"link\" data-id=\"https:\/\/www.vitatec.com\/de\/anwendung\/anwendungsmoglichkeiten\/vitalfeld-messung-und-auswertung\/\" target=\"_blank\" rel=\"noreferrer noopener\">vitatec.com<\/a> abrufbar. <\/p>\n\n\n\n<p>Meine Empfehlung: Das Video \u00fcber die Vitalfeld-Messung und Auswertung!<\/p>\n<\/div>\n<\/div>\n<\/div>\n<\/div>\n<\/div><\/div>\n<\/div><\/div>\n\n\n\n<div style=\"height:100px\" aria-hidden=\"true\" class=\"wp-block-spacer\"><\/div>\n\n\n\n<h3 class=\"wp-block-heading\"><strong>Beliebte Anwendungsgebiete der Vitalfeldtherapie mit Global Diagnostics<\/strong>:<\/h3>\n\n\n\n<div class=\"wp-block-columns is-layout-flex wp-container-core-columns-is-layout-9d6595d7 wp-block-columns-is-layout-flex\">\n<div class=\"wp-block-column is-layout-flow wp-block-column-is-layout-flow\">\n<ul class=\"wp-block-list\">\n<li>Burn-Out-Syndrom (Ersch\u00f6pfung, chronische M\u00fcdigkeit)<\/li>\n\n\n\n<li>Schlafst\u00f6rungen und Stresszust\u00e4nde<\/li>\n\n\n\n<li>Nahrungsmittelunvertr\u00e4glichkeiten, Allergien<\/li>\n\n\n\n<li>Hauterkrankungen<\/li>\n\n\n\n<li>Bakterien-, Viren-, Parasiten- und Pilzbelastung<\/li>\n\n\n\n<li>Belastung durch Umweltgifte, Schwermetalle und Toxine<\/li>\n\n\n\n<li>St\u00f6rungen des Verdauungssystems und des Stoffwechsels<\/li>\n\n\n\n<li>Beschwerden des Bewegungsapparates (Gelenke, Wirbels\u00e4ule)<\/li>\n\n\n\n<li>Verbesserung der Wundheilung<\/li>\n\n\n\n<li>Narbenentst\u00f6rung<\/li>\n\n\n\n<li>Infektanf\u00e4lligkeit<\/li>\n\n\n\n<li>Akute und chronische Schmerzzust\u00e4nde und Entz\u00fcndungen<\/li>\n\n\n\n<li>Migr\u00e4ne<\/li>\n\n\n\n<li>Hormonelle St\u00f6rungen<\/li>\n\n\n\n<li>Mangelzust\u00e4nde von Mikron\u00e4hrstoffen (Vitamine, Mineralstoffe, Spurenelemente u. a.)<\/li>\n\n\n\n<li>Wiederherstellung des pers\u00f6nlichen Wohlbefindens<\/li>\n<\/ul>\n<\/div>\n\n\n\n<div class=\"wp-block-column is-layout-flow wp-block-column-is-layout-flow\">\n<p>Auch der \u00d6SV nutzt die unz\u00e4hligen Vorteile der Vitalfeldtherapie und&nbsp;vertraut bei der Betreuung seiner Sportler auf diese&nbsp;Therapiema\u00dfnahme. Global Diagnostics ist offizieller Partner des Austria Ski Teams. <\/p>\n\n\n\n<p><\/p>\n<\/div>\n<\/div>\n\n\n\n<p>Die Vitalfeldtherapie ist schmerzfrei, daher ist sie auch f\u00fcr  sensible Personen und Kinder sehr gut geeignet!<\/p>\n\n\n\n<div style=\"height:100px\" aria-hidden=\"true\" class=\"wp-block-spacer\"><\/div>\n\n\n\n<div class=\"wp-block-cover alignfull is-light has-parallax is-position-center-center\" style=\"min-height:375px;aspect-ratio:unset;\"><span aria-hidden=\"true\" class=\"wp-block-cover__background has-black-background-color has-background-dim\"><\/span><div class=\"wp-block-cover__image-background wp-image-245 has-parallax\" style=\"background-position:50% 50%;background-image:url(https:\/\/www.margit-danninger.at\/wp-content\/uploads\/2021\/08\/back3.jpg)\"><\/div><div class=\"wp-block-cover__inner-container is-layout-flow wp-block-cover-is-layout-flow\">\n<p class=\"has-text-align-center has-text-color has-huge-font-size\" style=\"color:#fffffa;line-height:1.1\"><strong>Eine gesunde Zelle bildet die Basis f\u00fcr einen gesunden Organismus.<\/strong><\/p>\n\n\n\n<p class=\"has-text-align-center\"><\/p>\n<\/div><\/div>\n","protected":false},"excerpt":{"rendered":"<p>Jeder gesunde Organismus weist typische elektromagnetische Felder, Impulsstrukturen und Rhythmen auf, die zusammenfassend als Vitalfeld bezeichnet werden k\u00f6nnen. Jeder geschw\u00e4chte bzw. erkrankte Organismus weist Abweichungen von diesen Mustern auf \u2013 entweder in Richtung zu starrer oder in Richtung zu chaotischer Impulsstrukturen und Rhythmen. Das Vitalfeld steht in st\u00e4ndiger Wechselwirkung mit allen physiologischen Abl\u00e4ufen des K\u00f6rpers &hellip; <\/p>\n<p class=\"link-more\"><a href=\"https:\/\/www.margit-danninger.at\/?page_id=191\" class=\"more-link\">Mehr <span class=\"screen-reader-text\">\u00fcber &#8222;Vitalfeldmessung und -therapie&#8220; <\/span>Lesen<\/a><\/p>\n","protected":false},"author":1,"featured_media":0,"parent":0,"menu_order":0,"comment_status":"closed","ping_status":"closed","template":"","meta":{"footnotes":""},"class_list":["post-191","page","type-page","status-publish","hentry"],"_links":{"self":[{"href":"https:\/\/www.margit-danninger.at\/index.php?rest_route=\/wp\/v2\/pages\/191","targetHints":{"allow":["GET"]}}],"collection":[{"href":"https:\/\/www.margit-danninger.at\/index.php?rest_route=\/wp\/v2\/pages"}],"about":[{"href":"https:\/\/www.margit-danninger.at\/index.php?rest_route=\/wp\/v2\/types\/page"}],"author":[{"embeddable":true,"href":"https:\/\/www.margit-danninger.at\/index.php?rest_route=\/wp\/v2\/users\/1"}],"replies":[{"embeddable":true,"href":"https:\/\/www.margit-danninger.at\/index.php?rest_route=%2Fwp%2Fv2%2Fcomments&post=191"}],"version-history":[{"count":66,"href":"https:\/\/www.margit-danninger.at\/index.php?rest_route=\/wp\/v2\/pages\/191\/revisions"}],"predecessor-version":[{"id":921,"href":"https:\/\/www.margit-danninger.at\/index.php?rest_route=\/wp\/v2\/pages\/191\/revisions\/921"}],"wp:attachment":[{"href":"https:\/\/www.margit-danninger.at\/index.php?rest_route=%2Fwp%2Fv2%2Fmedia&parent=191"}],"curies":[{"name":"wp","href":"https:\/\/api.w.org\/{rel}","templated":true}]}}