{"id":319,"date":"2021-08-31T12:04:43","date_gmt":"2021-08-31T10:04:43","guid":{"rendered":"https:\/\/10.0.0.83\/margit\/?page_id=319"},"modified":"2025-01-17T19:43:20","modified_gmt":"2025-01-17T18:43:20","slug":"hara-shiatsu","status":"publish","type":"page","link":"https:\/\/www.margit-danninger.at\/?page_id=319","title":{"rendered":"Hara Shiatsu"},"content":{"rendered":"\n<h2 class=\"wp-block-heading\"><strong>Shiatsu \u2013 die Kunst der achtsamen Ber\u00fchrung<\/strong><\/h2>\n\n\n\n<p>Meine Shiatsu-Ausbildung absolvierte ich an der <strong><em>International Academy for Hara Shiatsu<\/em> <\/strong>in Wien, einer der weltweit f\u00fchrenden Shiatsu-Schulen, die seit 1993 mit klinischen Institutionen kooperiert. Ein Schwerpunkt meiner T\u00e4tigkeit ist die Arbeit mit Frauen und gyn\u00e4kologischen Themen, auf diesem Gebiet absolvierte ich mein Praktikum.<\/p>\n\n\n\n<p>Shiatsu hat seinen Ursprung in Japan und ist eine tiefwirkende Form der K\u00f6rperarbeit: Mit meinen Daumen, Handballen und Ellbogen, aber auch mit meinen Knien und F\u00fc\u00dfen \u00fcbe ich Druck auf Ihre <strong>Energieleitbahnen (Meridiane)<\/strong> aus. Sie liegen dabei entspannt in bequemer Kleidung (lange Hose, Shirt, Socken) auf einer weichen Matte am Boden. Eine Einheit dauert mit Vor- und Nachgespr\u00e4ch ca. 60 Minuten.<\/p>\n\n\n\n<p>Auf den Meridianen, durch die gem\u00e4\u00df der chinesischen Medizin die <strong>Lebensenergie (das Qi)<\/strong> flie\u00dft, befinden sich etwa 400 Akupunkturpunkte. Jeder der zw\u00f6lf Hauptmeridiane ist einem Organ bzw. K\u00f6rperbereich zugeordnet (z. B. Lebermeridian, Herzmeridian \u2026).<\/p>\n\n\n\n<div style=\"height:100px\" aria-hidden=\"true\" class=\"wp-block-spacer\"><\/div>\n\n\n\n<div class=\"wp-block-group alignfull has-background\" style=\"background-color:#e5e9ec\"><div class=\"wp-block-group__inner-container is-layout-flow wp-block-group-is-layout-flow\">\n<div class=\"wp-block-group\"><div class=\"wp-block-group__inner-container is-layout-flow wp-block-group-is-layout-flow\">\n<div class=\"wp-block-columns is-layout-flex wp-container-core-columns-is-layout-9d6595d7 wp-block-columns-is-layout-flex\">\n<div class=\"wp-block-column is-layout-flow wp-block-column-is-layout-flow\">\n<div style=\"height:100px\" aria-hidden=\"true\" class=\"wp-block-spacer\"><\/div>\n\n\n\n<p>Gleich unterhalb des Bauchnabels befindet sich das <strong>Hara<\/strong>, das Zentrum unserer Lebensenergie, welches man mit den Wurzeln eines Baumes vergleichen kann:<\/p>\n\n\n\n<p><strong>So wie ein Baum<\/strong> mit seinen Wurzeln Wasser und N\u00e4hrstoffe aufnimmt und bis in seine \u00c4ste und Zweige hinaufzieht, nehmen Menschen \u00fcber ihr Hara kosmische Lebensenergie auf und leiten diese Energie \u00fcber die Meridiane in jedes Organ und in jede Zelle des K\u00f6rpers.<\/p>\n\n\n\n<p>So wie ein Baum vertrocknet, wenn er kein Wasser \u00fcber seine Wurzeln aufnehmen kann, so haben auch wir keine oder nur wenig Lebensenergie, wenn die Verbindung zum Hara blockiert ist. Auch unser emotionaler K\u00f6rper wird \u00fcber die Meridiane versorgt. Mit unserem Hara verbunden zu sein gibt uns Wurzeln und ein Gesp\u00fcr f\u00fcr die eigene Richtung im Leben.<\/p>\n\n\n\n<p><\/p>\n<\/div>\n<\/div>\n\n\n\n<div style=\"height:100px\" aria-hidden=\"true\" class=\"wp-block-spacer\"><\/div>\n<\/div><\/div>\n<\/div><\/div>\n\n\n\n<div style=\"height:100px\" aria-hidden=\"true\" class=\"wp-block-spacer\"><\/div>\n\n\n\n<h3 class=\"wp-block-heading\"><strong>Kombination von Moxen und Shiatsu<\/strong><\/h3>\n\n\n\n<p>Die Kombination von Moxen und Shiatsu kann eine tiefgehende und nachhaltige Wirkung erzielen, da sie W\u00e4rme- und Drucktechniken miteinander verbindet.<\/p>\n\n\n\n<p><strong>Warum kombiniert man Moxen und Shiatsu?<\/strong><\/p>\n\n\n\n<ul class=\"wp-block-list\">\n<li><strong>Gezielte Stimulation:<\/strong>\u00a0W\u00e4hrend Shiatsu durch Druck und Ber\u00fchrung den Energiefluss anregt, verst\u00e4rkt Moxen die Wirkung durch die w\u00e4rmende Energie.<\/li>\n\n\n\n<li><strong>Effekt auf spezifische Beschwerden:<\/strong>\u00a0Moxen wird oft auf Akupunkturpunkten angewendet, die durch Shiatsu identifiziert wurden.<\/li>\n\n\n\n<li><strong>Ganzheitliche Balance:<\/strong>\u00a0Die Kombination wirkt sowohl auf k\u00f6rperlicher als auch auf energetischer Ebene.<\/li>\n<\/ul>\n\n\n\n<p><strong>Anwendungsgebiete:<\/strong><\/p>\n\n\n\n<ul class=\"wp-block-list\">\n<li><strong>K\u00e4lte- oder Feuchtigkeitsblockaden:<\/strong>\u00a0Moxen l\u00f6st K\u00e4lte, w\u00e4hrend Shiatsu den Qi-Fluss aktiviert.<\/li>\n\n\n\n<li><strong>Schw\u00e4che und Energiemangel:<\/strong>\u00a0Beide Methoden st\u00e4rken das Qi und f\u00f6rdern Vitalit\u00e4t.<\/li>\n\n\n\n<li><strong>Frauenbeschwerden:<\/strong>\u00a0Menstruationskr\u00e4mpfe, PMS, Wechseljahrsbeschwerden und Unterk\u00fchlung k\u00f6nnen durch die W\u00e4rme des Moxens und die Ausgleichstechniken des Shiatsu gelindert werden.<\/li>\n\n\n\n<li><strong>Verdauungsprobleme:<\/strong>\u00a0Beide Techniken regen den Stoffwechsel und die Funktion der Verdauungsorgane an.<\/li>\n\n\n\n<li><strong>Schmerzen und Verspannungen:<\/strong>\u00a0Shiatsu l\u00f6st muskul\u00e4re und energetische Blockaden, w\u00e4hrend Moxen die Durchblutung f\u00f6rdert und K\u00e4lte ausleitet.<\/li>\n<\/ul>\n\n\n\n<figure class=\"wp-block-gallery has-nested-images columns-default is-cropped wp-block-gallery-1 is-layout-flex wp-block-gallery-is-layout-flex\">\n<figure class=\"wp-block-image size-large\"><img loading=\"lazy\" decoding=\"async\" width=\"1024\" height=\"682\" data-id=\"1003\" src=\"https:\/\/www.margit-danninger.at\/wp-content\/uploads\/2025\/01\/WhatsApp-Image-2025-01-06-at-13.32.06-1024x682.jpeg\" alt=\"\" class=\"wp-image-1003\" srcset=\"https:\/\/www.margit-danninger.at\/wp-content\/uploads\/2025\/01\/WhatsApp-Image-2025-01-06-at-13.32.06-1024x682.jpeg 1024w, https:\/\/www.margit-danninger.at\/wp-content\/uploads\/2025\/01\/WhatsApp-Image-2025-01-06-at-13.32.06-300x200.jpeg 300w, https:\/\/www.margit-danninger.at\/wp-content\/uploads\/2025\/01\/WhatsApp-Image-2025-01-06-at-13.32.06-768x512.jpeg 768w, https:\/\/www.margit-danninger.at\/wp-content\/uploads\/2025\/01\/WhatsApp-Image-2025-01-06-at-13.32.06-1536x1023.jpeg 1536w, https:\/\/www.margit-danninger.at\/wp-content\/uploads\/2025\/01\/WhatsApp-Image-2025-01-06-at-13.32.06.jpeg 1600w\" sizes=\"auto, (max-width: 1024px) 100vw, 1024px\" \/><\/figure>\n\n\n\n<figure class=\"wp-block-image size-large\"><img loading=\"lazy\" decoding=\"async\" width=\"1024\" height=\"683\" data-id=\"1008\" src=\"https:\/\/www.margit-danninger.at\/wp-content\/uploads\/2025\/01\/WhatsApp-Image-2025-01-06-at-13.29.52-1024x683.jpeg\" alt=\"\" class=\"wp-image-1008\" srcset=\"https:\/\/www.margit-danninger.at\/wp-content\/uploads\/2025\/01\/WhatsApp-Image-2025-01-06-at-13.29.52-1024x683.jpeg 1024w, https:\/\/www.margit-danninger.at\/wp-content\/uploads\/2025\/01\/WhatsApp-Image-2025-01-06-at-13.29.52-300x200.jpeg 300w, https:\/\/www.margit-danninger.at\/wp-content\/uploads\/2025\/01\/WhatsApp-Image-2025-01-06-at-13.29.52-768x512.jpeg 768w, https:\/\/www.margit-danninger.at\/wp-content\/uploads\/2025\/01\/WhatsApp-Image-2025-01-06-at-13.29.52-1536x1024.jpeg 1536w, https:\/\/www.margit-danninger.at\/wp-content\/uploads\/2025\/01\/WhatsApp-Image-2025-01-06-at-13.29.52.jpeg 1600w\" sizes=\"auto, (max-width: 1024px) 100vw, 1024px\" \/><\/figure>\n\n\n\n<figure class=\"wp-block-image size-large\"><img loading=\"lazy\" decoding=\"async\" width=\"1024\" height=\"683\" data-id=\"1006\" src=\"https:\/\/www.margit-danninger.at\/wp-content\/uploads\/2025\/01\/WhatsApp-Image-2025-01-06-at-13.29.43-1024x683.jpeg\" alt=\"\" class=\"wp-image-1006\" srcset=\"https:\/\/www.margit-danninger.at\/wp-content\/uploads\/2025\/01\/WhatsApp-Image-2025-01-06-at-13.29.43-1024x683.jpeg 1024w, https:\/\/www.margit-danninger.at\/wp-content\/uploads\/2025\/01\/WhatsApp-Image-2025-01-06-at-13.29.43-300x200.jpeg 300w, https:\/\/www.margit-danninger.at\/wp-content\/uploads\/2025\/01\/WhatsApp-Image-2025-01-06-at-13.29.43-768x512.jpeg 768w, https:\/\/www.margit-danninger.at\/wp-content\/uploads\/2025\/01\/WhatsApp-Image-2025-01-06-at-13.29.43-1536x1024.jpeg 1536w, https:\/\/www.margit-danninger.at\/wp-content\/uploads\/2025\/01\/WhatsApp-Image-2025-01-06-at-13.29.43.jpeg 1600w\" sizes=\"auto, (max-width: 1024px) 100vw, 1024px\" \/><\/figure>\n\n\n\n<figure class=\"wp-block-image size-large\"><img loading=\"lazy\" decoding=\"async\" width=\"1024\" height=\"682\" data-id=\"1004\" src=\"https:\/\/www.margit-danninger.at\/wp-content\/uploads\/2025\/01\/WhatsApp-Image-2025-01-06-at-13.29.32-1024x682.jpeg\" alt=\"\" class=\"wp-image-1004\" srcset=\"https:\/\/www.margit-danninger.at\/wp-content\/uploads\/2025\/01\/WhatsApp-Image-2025-01-06-at-13.29.32-1024x682.jpeg 1024w, https:\/\/www.margit-danninger.at\/wp-content\/uploads\/2025\/01\/WhatsApp-Image-2025-01-06-at-13.29.32-300x200.jpeg 300w, https:\/\/www.margit-danninger.at\/wp-content\/uploads\/2025\/01\/WhatsApp-Image-2025-01-06-at-13.29.32-768x512.jpeg 768w, https:\/\/www.margit-danninger.at\/wp-content\/uploads\/2025\/01\/WhatsApp-Image-2025-01-06-at-13.29.32-1536x1023.jpeg 1536w, https:\/\/www.margit-danninger.at\/wp-content\/uploads\/2025\/01\/WhatsApp-Image-2025-01-06-at-13.29.32.jpeg 1600w\" sizes=\"auto, (max-width: 1024px) 100vw, 1024px\" \/><\/figure>\n\n\n\n<figure class=\"wp-block-image size-large\"><img loading=\"lazy\" decoding=\"async\" width=\"1024\" height=\"683\" data-id=\"1007\" src=\"https:\/\/www.margit-danninger.at\/wp-content\/uploads\/2025\/01\/WhatsApp-Image-2025-01-06-at-13.29.15-1024x683.jpeg\" alt=\"\" class=\"wp-image-1007\" srcset=\"https:\/\/www.margit-danninger.at\/wp-content\/uploads\/2025\/01\/WhatsApp-Image-2025-01-06-at-13.29.15-1024x683.jpeg 1024w, https:\/\/www.margit-danninger.at\/wp-content\/uploads\/2025\/01\/WhatsApp-Image-2025-01-06-at-13.29.15-300x200.jpeg 300w, https:\/\/www.margit-danninger.at\/wp-content\/uploads\/2025\/01\/WhatsApp-Image-2025-01-06-at-13.29.15-768x512.jpeg 768w, https:\/\/www.margit-danninger.at\/wp-content\/uploads\/2025\/01\/WhatsApp-Image-2025-01-06-at-13.29.15-1536x1024.jpeg 1536w, https:\/\/www.margit-danninger.at\/wp-content\/uploads\/2025\/01\/WhatsApp-Image-2025-01-06-at-13.29.15.jpeg 1600w\" sizes=\"auto, (max-width: 1024px) 100vw, 1024px\" \/><\/figure>\n\n\n\n<figure class=\"wp-block-image size-large\"><img loading=\"lazy\" decoding=\"async\" width=\"1024\" height=\"683\" data-id=\"1005\" src=\"https:\/\/www.margit-danninger.at\/wp-content\/uploads\/2025\/01\/WhatsApp-Image-2025-01-06-at-13.28.36-1024x683.jpeg\" alt=\"\" class=\"wp-image-1005\" srcset=\"https:\/\/www.margit-danninger.at\/wp-content\/uploads\/2025\/01\/WhatsApp-Image-2025-01-06-at-13.28.36-1024x683.jpeg 1024w, https:\/\/www.margit-danninger.at\/wp-content\/uploads\/2025\/01\/WhatsApp-Image-2025-01-06-at-13.28.36-300x200.jpeg 300w, https:\/\/www.margit-danninger.at\/wp-content\/uploads\/2025\/01\/WhatsApp-Image-2025-01-06-at-13.28.36-768x512.jpeg 768w, https:\/\/www.margit-danninger.at\/wp-content\/uploads\/2025\/01\/WhatsApp-Image-2025-01-06-at-13.28.36-1536x1024.jpeg 1536w, https:\/\/www.margit-danninger.at\/wp-content\/uploads\/2025\/01\/WhatsApp-Image-2025-01-06-at-13.28.36.jpeg 1600w\" sizes=\"auto, (max-width: 1024px) 100vw, 1024px\" \/><\/figure>\n<\/figure>\n\n\n\n<div style=\"height:100px\" aria-hidden=\"true\" class=\"wp-block-spacer\"><\/div>\n\n\n\n<div class=\"wp-block-group alignfull has-background\" style=\"background-color:#e5e9ec\"><div class=\"wp-block-group__inner-container is-layout-flow wp-block-group-is-layout-flow\">\n<div class=\"wp-block-group\"><div class=\"wp-block-group__inner-container is-layout-flow wp-block-group-is-layout-flow\">\n<div class=\"wp-block-columns is-layout-flex wp-container-core-columns-is-layout-9d6595d7 wp-block-columns-is-layout-flex\">\n<div class=\"wp-block-column is-layout-flow wp-block-column-is-layout-flow\">\n<div style=\"height:100px\" aria-hidden=\"true\" class=\"wp-block-spacer\"><\/div>\n\n\n\n<p><strong>Wobei kann Shiatsu helfen?<\/strong><\/p>\n\n\n\n<ul class=\"wp-block-list\">\n<li>Vorbeugend zur Erhaltung der Gesundheit und eines funktionsf\u00e4higen Immunsystems<\/li>\n\n\n\n<li>Akute und chronische Schmerzen des Bewegungsapparates<\/li>\n\n\n\n<li>Verspannungen im Nacken- und Schulterbereich<\/li>\n\n\n\n<li>Migr\u00e4ne, Kopfschmerzen<\/li>\n\n\n\n<li>Burnout, Stress, Antriebslosigkeit, M\u00fcdigkeit, Schlafst\u00f6rungen<\/li>\n\n\n\n<li>Verdauungsbeschwerden<\/li>\n\n\n\n<li>Unterst\u00fctzung der Rehabilitation und Heilung nach Unf\u00e4llen und Krankheiten<\/li>\n\n\n\n<li>In Phasen von Ver\u00e4nderung, bei inneren Wachstums- und Reifungsprozessen<\/li>\n\n\n\n<li>Menstruationsbeschwerden, Kinderwunsch, Wechseljahrbeschwerden, Schwangerschaftsbeschwerden<\/li>\n\n\n\n<li>Schilddr\u00fcsenthemen<\/li>\n\n\n\n<li>Fibromyalgie, Schuppenflechte, Bluthochdruck, Tinnitus<\/li>\n\n\n\n<li>Lebenskrisen und Depressionen<\/li>\n\n\n\n<li>Asthma und Lungenbeschwerden<\/li>\n\n\n\n<li>Traumafolgen<\/li>\n\n\n\n<li>Panikattacken und Angstst\u00f6rungen<\/li>\n\n\n\n<li>Blockiertes geistiges und k\u00f6rperliches Potenzial<\/li>\n\n\n\n<li>Oder einfach, um sich selbst etwas Gutes zu tun<\/li>\n<\/ul>\n<\/div>\n<\/div>\n\n\n\n<div style=\"height:100px\" aria-hidden=\"true\" class=\"wp-block-spacer\"><\/div>\n<\/div><\/div>\n<\/div><\/div>\n\n\n\n<div style=\"height:100px\" aria-hidden=\"true\" class=\"wp-block-spacer\"><\/div>\n\n\n\n<div style=\"height:100px\" aria-hidden=\"true\" class=\"wp-block-spacer\"><\/div>\n","protected":false},"excerpt":{"rendered":"<p>Shiatsu \u2013 die Kunst der achtsamen Ber\u00fchrung Meine Shiatsu-Ausbildung absolvierte ich an der International Academy for Hara Shiatsu in Wien, einer der weltweit f\u00fchrenden Shiatsu-Schulen, die seit 1993 mit klinischen Institutionen kooperiert. Ein Schwerpunkt meiner T\u00e4tigkeit ist die Arbeit mit Frauen und gyn\u00e4kologischen Themen, auf diesem Gebiet absolvierte ich mein Praktikum. Shiatsu hat seinen Ursprung &hellip; <\/p>\n<p class=\"link-more\"><a href=\"https:\/\/www.margit-danninger.at\/?page_id=319\" class=\"more-link\">Mehr <span class=\"screen-reader-text\">\u00fcber &#8222;Hara Shiatsu&#8220; <\/span>Lesen<\/a><\/p>\n","protected":false},"author":1,"featured_media":0,"parent":0,"menu_order":0,"comment_status":"closed","ping_status":"closed","template":"","meta":{"footnotes":""},"class_list":["post-319","page","type-page","status-publish","hentry"],"_links":{"self":[{"href":"https:\/\/www.margit-danninger.at\/index.php?rest_route=\/wp\/v2\/pages\/319","targetHints":{"allow":["GET"]}}],"collection":[{"href":"https:\/\/www.margit-danninger.at\/index.php?rest_route=\/wp\/v2\/pages"}],"about":[{"href":"https:\/\/www.margit-danninger.at\/index.php?rest_route=\/wp\/v2\/types\/page"}],"author":[{"embeddable":true,"href":"https:\/\/www.margit-danninger.at\/index.php?rest_route=\/wp\/v2\/users\/1"}],"replies":[{"embeddable":true,"href":"https:\/\/www.margit-danninger.at\/index.php?rest_route=%2Fwp%2Fv2%2Fcomments&post=319"}],"version-history":[{"count":8,"href":"https:\/\/www.margit-danninger.at\/index.php?rest_route=\/wp\/v2\/pages\/319\/revisions"}],"predecessor-version":[{"id":1011,"href":"https:\/\/www.margit-danninger.at\/index.php?rest_route=\/wp\/v2\/pages\/319\/revisions\/1011"}],"wp:attachment":[{"href":"https:\/\/www.margit-danninger.at\/index.php?rest_route=%2Fwp%2Fv2%2Fmedia&parent=319"}],"curies":[{"name":"wp","href":"https:\/\/api.w.org\/{rel}","templated":true}]}}