{"id":321,"date":"2021-08-31T12:05:51","date_gmt":"2021-08-31T10:05:51","guid":{"rendered":"https:\/\/10.0.0.83\/margit\/?page_id=321"},"modified":"2024-10-22T09:32:06","modified_gmt":"2024-10-22T07:32:06","slug":"angewandte-psycho-neuroimmunologie","status":"publish","type":"page","link":"https:\/\/www.margit-danninger.at\/?page_id=321","title":{"rendered":"Angewandte Psycho-Neuroimmunologie"},"content":{"rendered":"\n<p>Die Psycho-Neuro-Immunologie (PNI) besch\u00e4ftigt sich mit den <strong>Wechselwirkungen zwischen der Psyche, dem Nerven- und Hormonsystem und dem Immunsystems<\/strong>. Die wissenschaftlichen Erkenntnisse, die seit den 1970er-Jahren auf diesem Gebiet gewonnen wurden, liefern Erkl\u00e4rungen daf\u00fcr, warum psychologische Prozesse sich nachweisbar auf k\u00f6rperliche Funktionen auswirken (Psychosomatik), z. B. warum Stress Immunfaktoren negativ beeinflussen kann.<\/p>\n\n\n\n<div class=\"wp-block-columns is-layout-flex wp-container-core-columns-is-layout-9d6595d7 wp-block-columns-is-layout-flex\">\n<div class=\"wp-block-column is-vertically-aligned-center is-layout-flow wp-block-column-is-layout-flow\" style=\"flex-basis:66.66%\">\n<p>Die Forschungen der PNI best\u00e4tigen die Forderung und den Anspruch vieler komplement\u00e4r-medizinischer Heilmethoden, den Menschen <strong>ganzheitlich<\/strong> in seiner Einheit aus K\u00f6rper, Seele, Geist und Emotionen wahrzunehmen. Gedanken, Gef\u00fchle und \u00c4ngste spielen sowohl bei der Entstehung als auch bei der Heilung von Krankheiten eine enorme Rolle.<\/p>\n<\/div>\n\n\n\n<div class=\"wp-block-column is-vertically-aligned-center is-layout-flow wp-block-column-is-layout-flow\" style=\"flex-basis:40%\"><div class=\"wp-block-image is-style-rounded\">\n<figure class=\"aligncenter size-large\"><img loading=\"lazy\" decoding=\"async\" width=\"1024\" height=\"683\" src=\"https:\/\/www.margit-danninger.at\/wp-content\/uploads\/2024\/09\/shutterstock_2356362315_apni-1024x683.jpg\" alt=\"\" class=\"wp-image-807\" srcset=\"https:\/\/www.margit-danninger.at\/wp-content\/uploads\/2024\/09\/shutterstock_2356362315_apni-1024x683.jpg 1024w, https:\/\/www.margit-danninger.at\/wp-content\/uploads\/2024\/09\/shutterstock_2356362315_apni-300x200.jpg 300w, https:\/\/www.margit-danninger.at\/wp-content\/uploads\/2024\/09\/shutterstock_2356362315_apni-768x512.jpg 768w, https:\/\/www.margit-danninger.at\/wp-content\/uploads\/2024\/09\/shutterstock_2356362315_apni-1536x1024.jpg 1536w, https:\/\/www.margit-danninger.at\/wp-content\/uploads\/2024\/09\/shutterstock_2356362315_apni-2048x1365.jpg 2048w, https:\/\/www.margit-danninger.at\/wp-content\/uploads\/2024\/09\/shutterstock_2356362315_apni-2000x1333.jpg 2000w, https:\/\/www.margit-danninger.at\/wp-content\/uploads\/2024\/09\/shutterstock_2356362315_apni-1800x1200.jpg 1800w\" sizes=\"auto, (max-width: 1024px) 100vw, 1024px\" \/><\/figure>\n<\/div><\/div>\n<\/div>\n\n\n\n<p>Alle Heilmittel (z. B. Mikron\u00e4hrstoffe, Heilpflanzen, Heilpilze) und alle Techniken (z. B. Shiatsu, Physioenergetik, Vitalfeldmessung und -therapie), die ich <strong>in meiner Arbeit mit Klienten<\/strong> anwende, haben diese untrennbare Verbindung von K\u00f6rper und Psyche im Blick.<\/p>\n\n\n\n<p><\/p>\n\n\n\n<p><\/p>\n","protected":false},"excerpt":{"rendered":"<p>Die Psycho-Neuro-Immunologie (PNI) besch\u00e4ftigt sich mit den Wechselwirkungen zwischen der Psyche, dem Nerven- und Hormonsystem und dem Immunsystems. Die wissenschaftlichen Erkenntnisse, die seit den 1970er-Jahren auf diesem Gebiet gewonnen wurden, liefern Erkl\u00e4rungen daf\u00fcr, warum psychologische Prozesse sich nachweisbar auf k\u00f6rperliche Funktionen auswirken (Psychosomatik), z. B. warum Stress Immunfaktoren negativ beeinflussen kann. Die Forschungen der PNI &hellip; <\/p>\n<p class=\"link-more\"><a href=\"https:\/\/www.margit-danninger.at\/?page_id=321\" class=\"more-link\">Mehr <span class=\"screen-reader-text\">\u00fcber &#8222;Angewandte Psycho-Neuroimmunologie&#8220; <\/span>Lesen<\/a><\/p>\n","protected":false},"author":1,"featured_media":0,"parent":0,"menu_order":0,"comment_status":"closed","ping_status":"closed","template":"","meta":{"footnotes":""},"class_list":["post-321","page","type-page","status-publish","hentry"],"_links":{"self":[{"href":"https:\/\/www.margit-danninger.at\/index.php?rest_route=\/wp\/v2\/pages\/321","targetHints":{"allow":["GET"]}}],"collection":[{"href":"https:\/\/www.margit-danninger.at\/index.php?rest_route=\/wp\/v2\/pages"}],"about":[{"href":"https:\/\/www.margit-danninger.at\/index.php?rest_route=\/wp\/v2\/types\/page"}],"author":[{"embeddable":true,"href":"https:\/\/www.margit-danninger.at\/index.php?rest_route=\/wp\/v2\/users\/1"}],"replies":[{"embeddable":true,"href":"https:\/\/www.margit-danninger.at\/index.php?rest_route=%2Fwp%2Fv2%2Fcomments&post=321"}],"version-history":[{"count":7,"href":"https:\/\/www.margit-danninger.at\/index.php?rest_route=\/wp\/v2\/pages\/321\/revisions"}],"predecessor-version":[{"id":911,"href":"https:\/\/www.margit-danninger.at\/index.php?rest_route=\/wp\/v2\/pages\/321\/revisions\/911"}],"wp:attachment":[{"href":"https:\/\/www.margit-danninger.at\/index.php?rest_route=%2Fwp%2Fv2%2Fmedia&parent=321"}],"curies":[{"name":"wp","href":"https:\/\/api.w.org\/{rel}","templated":true}]}}