{"id":323,"date":"2021-08-31T12:06:22","date_gmt":"2021-08-31T10:06:22","guid":{"rendered":"https:\/\/10.0.0.83\/margit\/?page_id=323"},"modified":"2024-09-22T10:09:37","modified_gmt":"2024-09-22T08:09:37","slug":"iridologie-augendiagnose","status":"publish","type":"page","link":"https:\/\/www.margit-danninger.at\/?page_id=323","title":{"rendered":"Iridologie &#8211; Augendiagnose"},"content":{"rendered":"\n<p>Die Iridologie befasst sich mit der Interpretation von Strukturen und Farben in der Regenbogenhaut (Iris) des Auges. Denn <strong>in der Iris spiegelt sich unser K\u00f6rper<\/strong>, sie ist eine Art Fingerabdruck jedes Menschen: Aufhellungen, Abdunkelungen oder Farbflecken geben Hinweise auf Organschw\u00e4chen, Stoffwechselabl\u00e4ufe und sogar auf das Wesen und den Charakter einer Person.<\/p>\n\n\n\n<div class=\"wp-block-columns is-layout-flex wp-container-core-columns-is-layout-9d6595d7 wp-block-columns-is-layout-flex\">\n<div class=\"wp-block-column is-vertically-aligned-center is-layout-flow wp-block-column-is-layout-flow\" style=\"flex-basis:40%\"><div class=\"wp-block-image is-style-rounded\">\n<figure class=\"aligncenter size-large\"><img loading=\"lazy\" decoding=\"async\" width=\"1024\" height=\"768\" src=\"https:\/\/www.margit-danninger.at\/wp-content\/uploads\/2024\/09\/shutterstock_1914725293_iridologie-1-edited-1024x768.jpg\" alt=\"\" class=\"wp-image-813\" style=\"aspect-ratio:4\/3;object-fit:cover\" srcset=\"https:\/\/www.margit-danninger.at\/wp-content\/uploads\/2024\/09\/shutterstock_1914725293_iridologie-1-edited-1024x768.jpg 1024w, https:\/\/www.margit-danninger.at\/wp-content\/uploads\/2024\/09\/shutterstock_1914725293_iridologie-1-edited-300x225.jpg 300w, https:\/\/www.margit-danninger.at\/wp-content\/uploads\/2024\/09\/shutterstock_1914725293_iridologie-1-edited-768x576.jpg 768w, https:\/\/www.margit-danninger.at\/wp-content\/uploads\/2024\/09\/shutterstock_1914725293_iridologie-1-edited-1536x1151.jpg 1536w, https:\/\/www.margit-danninger.at\/wp-content\/uploads\/2024\/09\/shutterstock_1914725293_iridologie-1-edited-2048x1535.jpg 2048w, https:\/\/www.margit-danninger.at\/wp-content\/uploads\/2024\/09\/shutterstock_1914725293_iridologie-1-edited-2000x1499.jpg 2000w, https:\/\/www.margit-danninger.at\/wp-content\/uploads\/2024\/09\/shutterstock_1914725293_iridologie-1-edited-1800x1349.jpg 1800w\" sizes=\"auto, (max-width: 1024px) 100vw, 1024px\" \/><\/figure>\n<\/div><\/div>\n\n\n\n<div class=\"wp-block-column is-vertically-aligned-center is-layout-flow wp-block-column-is-layout-flow\" style=\"flex-basis:66.66%\">\n<p>Bereits \u00c4rzten im Altertum war bekannt, dass die Farbe der Augen mit einer bestimmten <strong>Erkrankungstendenz<\/strong> einhergeht. Wichtig ist es hierbei, von <em>Tendenz<\/em> \u00a0zu sprechen, denn aus der Betrachtung der Iris werden keine Krankheiten <em>diagnostiziert<\/em>! Die Bezeichnung <em>Iridologie<\/em> \u00a0ist daher dem fr\u00fcher ebenfalls verwendeten Begriff <em>Irisdiagnose<\/em> \u00a0vorzuziehen.<\/p>\n<\/div>\n<\/div>\n\n\n\n<div class=\"wp-block-group alignfull has-background\" style=\"background-color:#e5e9ec\"><div class=\"wp-block-group__inner-container is-layout-flow wp-block-group-is-layout-flow\">\n<div class=\"wp-block-group\"><div class=\"wp-block-group__inner-container is-layout-flow wp-block-group-is-layout-flow\">\n<div class=\"wp-block-columns is-layout-flex wp-container-core-columns-is-layout-9d6595d7 wp-block-columns-is-layout-flex\">\n<div class=\"wp-block-column is-layout-flow wp-block-column-is-layout-flow\">\n<div style=\"height:100px\" aria-hidden=\"true\" class=\"wp-block-spacer\"><\/div>\n\n\n\n<p>Im Volksmund gibt es das Sprichwort, dass die Augen <strong>der Spiegel der Seele<\/strong> sind. \u2013 Auch in der Iridologie findet sich dieser Zusammenhang: Farben, Strukturen und Formen in der Regenbogenhaut geben Hinweise auf Charaktereigenschaften, Konditionierungen durch die Eltern und Gro\u00dfeltern wie auch auf Glaubenss\u00e4tze, die das Leben blockieren. Die Iris erz\u00e4hlt die Geschichte eines Menschen und gibt Hinweise, in welchen Bereichen die individuellen Potentiale f\u00fcr das eigene Leben und die eigene Gesundheit vollst\u00e4ndiger ausgesch\u00f6pft werden k\u00f6nnten.<\/p>\n\n\n\n<p>Indem ich die Zeichen in der Iris Ihrer Augen wahrnehme und interpretiere, unterst\u00fctze ich Sie dabei, die <strong>Botschaften Ihres K\u00f6rpers<\/strong> bzw. Ihres Lebens zu erkennen und zu \u00fcbersetzen. So k\u00f6nnen individuelle Konstitutionsmittel, Ern\u00e4hrungstipps, passende Bewegungsformen, physikalische Anwendungen, unterst\u00fctzende Heilkr\u00e4uter und vieles mehr gezielt ausgew\u00e4hlt und auf Ihre Bed\u00fcrfnisse abgestimmt werden.<\/p>\n<\/div>\n<\/div>\n\n\n\n<div style=\"height:100px\" aria-hidden=\"true\" class=\"wp-block-spacer\"><\/div>\n<\/div><\/div>\n<\/div><\/div>\n\n\n\n<div style=\"height:100px\" aria-hidden=\"true\" class=\"wp-block-spacer\"><\/div>\n\n\n\n<p>Die Iridologie stellt auch f\u00fcr gesunde Menschen eine gute M\u00f6glichkeit zur Gesundheitspflege und <strong>Gesundheitsvorsorge<\/strong> dar: Weil sich schw\u00e4chende Tendenzen bereits in den Augen zeigen, <em>bevor<\/em>  sie sich im K\u00f6rper manifestieren, k\u00f6nnen die durch die Iridologie gewonnenen Erkenntnisse sehr gut zur Vorbeugung eingesetzt werden, sodass sp\u00e4ter nicht m\u00fchsam \u201erepariert\u201c werden muss!<\/p>\n\n\n\n<p><strong>Die Iridologie hilft, der Entstehung von Krankheiten vorzubeugen und das pers\u00f6nliche Wohlbefinden zu steigern:<\/strong><\/p>\n\n\n\n<ul class=\"wp-block-list\">\n<li>K\u00f6rperliche Schw\u00e4chen identifizieren und Krankheiten gezielt vorbeugen<\/li>\n\n\n\n<li>Organe individuell in ihrer Leistung unterst\u00fctzen<\/li>\n\n\n\n<li>R\u00fcckschl\u00fcsse auf f\u00fcr Sie wichtige Lebensthemen ziehen<\/li>\n\n\n\n<li>K\u00f6rper, Geist und Seele mit Heilkr\u00e4utern st\u00e4rken<\/li>\n\n\n\n<li>Speziell auf Ihre Bed\u00fcrfnisse abgestimmte Behandlungsvorschl\u00e4ge zusammenstellen<\/li>\n\n\n\n<li>Eine typgerechte Lebens- und Ern\u00e4hrungsweise finden<\/li>\n<\/ul>\n\n\n\n<div style=\"height:100px\" aria-hidden=\"true\" class=\"wp-block-spacer\"><\/div>\n","protected":false},"excerpt":{"rendered":"<p>Die Iridologie befasst sich mit der Interpretation von Strukturen und Farben in der Regenbogenhaut (Iris) des Auges. Denn in der Iris spiegelt sich unser K\u00f6rper, sie ist eine Art Fingerabdruck jedes Menschen: Aufhellungen, Abdunkelungen oder Farbflecken geben Hinweise auf Organschw\u00e4chen, Stoffwechselabl\u00e4ufe und sogar auf das Wesen und den Charakter einer Person. Bereits \u00c4rzten im Altertum &hellip; <\/p>\n<p class=\"link-more\"><a href=\"https:\/\/www.margit-danninger.at\/?page_id=323\" class=\"more-link\">Mehr <span class=\"screen-reader-text\">\u00fcber &#8222;Iridologie &#8211; Augendiagnose&#8220; <\/span>Lesen<\/a><\/p>\n","protected":false},"author":1,"featured_media":0,"parent":0,"menu_order":0,"comment_status":"closed","ping_status":"closed","template":"","meta":{"footnotes":""},"class_list":["post-323","page","type-page","status-publish","hentry"],"_links":{"self":[{"href":"https:\/\/www.margit-danninger.at\/index.php?rest_route=\/wp\/v2\/pages\/323","targetHints":{"allow":["GET"]}}],"collection":[{"href":"https:\/\/www.margit-danninger.at\/index.php?rest_route=\/wp\/v2\/pages"}],"about":[{"href":"https:\/\/www.margit-danninger.at\/index.php?rest_route=\/wp\/v2\/types\/page"}],"author":[{"embeddable":true,"href":"https:\/\/www.margit-danninger.at\/index.php?rest_route=\/wp\/v2\/users\/1"}],"replies":[{"embeddable":true,"href":"https:\/\/www.margit-danninger.at\/index.php?rest_route=%2Fwp%2Fv2%2Fcomments&post=323"}],"version-history":[{"count":18,"href":"https:\/\/www.margit-danninger.at\/index.php?rest_route=\/wp\/v2\/pages\/323\/revisions"}],"predecessor-version":[{"id":821,"href":"https:\/\/www.margit-danninger.at\/index.php?rest_route=\/wp\/v2\/pages\/323\/revisions\/821"}],"wp:attachment":[{"href":"https:\/\/www.margit-danninger.at\/index.php?rest_route=%2Fwp%2Fv2%2Fmedia&parent=323"}],"curies":[{"name":"wp","href":"https:\/\/api.w.org\/{rel}","templated":true}]}}