{"id":828,"date":"2024-09-22T10:17:41","date_gmt":"2024-09-22T08:17:41","guid":{"rendered":"https:\/\/www.margit-danninger.at\/?page_id=828"},"modified":"2025-01-17T20:02:01","modified_gmt":"2025-01-17T19:02:01","slug":"frauengesundheit","status":"publish","type":"page","link":"https:\/\/www.margit-danninger.at\/?page_id=828","title":{"rendered":"Frauengesundheit"},"content":{"rendered":"\n<p>Holistische (ganzheitliche) K\u00f6rperarbeit zielt darauf ab, K\u00f6rper, Geist und Seele in Einklang zu bringen und kann Frauen nach dem Absetzen der Pille, aber auch bei Menstruationsbeschwerden, Wechseljahresbeschwerden, Zysten und Myomen auf vielf\u00e4ltige Weise unterst\u00fctzen. Das Absetzen hormoneller Verh\u00fctungsmittel, wie der Antibabypille, kann den K\u00f6rper vor\u00fcbergehend aus dem Gleichgewicht bringen und zu hormonellen Problemen wie unregelm\u00e4\u00dfigen Zyklen, Akne, Stimmungsschwankungen, M\u00fcdigkeit oder Gewichtsschwankungen f\u00fchren.<\/p>\n\n\n\n<div style=\"height:100px\" aria-hidden=\"true\" class=\"wp-block-spacer\"><\/div>\n\n\n\n<div class=\"wp-block-group alignfull has-background\" style=\"background-color:#e5e9ec\"><div class=\"wp-block-group__inner-container is-layout-flow wp-block-group-is-layout-flow\">\n<div class=\"wp-block-group\"><div class=\"wp-block-group__inner-container is-layout-flow wp-block-group-is-layout-flow\">\n<div class=\"wp-block-columns is-layout-flex wp-container-core-columns-is-layout-9d6595d7 wp-block-columns-is-layout-flex\">\n<div class=\"wp-block-column is-layout-flow wp-block-column-is-layout-flow\">\n<div style=\"height:100px\" aria-hidden=\"true\" class=\"wp-block-spacer\"><\/div>\n\n\n\n<h2 class=\"wp-block-heading\">Wie holistische K\u00f6rperarbeit wirkt<\/h2>\n\n\n\n<ol class=\"wp-block-list\">\n<li><strong>Regulierung des Hormonsystems<\/strong><br><br>Nach dem Absetzen der Pille braucht der K\u00f6rper Zeit, um die nat\u00fcrliche Hormonproduktion wieder aufzunehmen. Holistische K\u00f6rperarbeit (z. B. Shiatsu, viszerale K\u00f6rperarbeit, Vitalfeld Behandlung) kann helfen, das endokrine System zu unterst\u00fctzen, indem sie auf Organe wie Eierst\u00f6cke, Hypophyse, Schilddr\u00fcse und Nebennieren einwirkt. Techniken zur Entspannung des Bauchraums und die Stimulierung von Reflexpunkten f\u00f6rdern die Durchblutung und die Funktion hormonproduzierender Dr\u00fcsen.<br><br><\/li>\n\n\n\n<li><strong>Zellentgiftung und Stoffwechselanregung<\/strong><br><br>Die Pille kann die Leber belasten, da sie f\u00fcr den Abbau von synthetischen Hormonen zust\u00e4ndig ist. Holistische Techniken wie viszerale Arbeit oder Massagen unterst\u00fctzen die Leberfunktion und regen den Lymphfluss an, wodurch der K\u00f6rper effizienter entgiften kann. Atemtechniken und Bewegungs\u00fcbungen f\u00f6rdern die Sauerstoffversorgung und den Stoffwechsel, was die nat\u00fcrliche Hormonproduktion unterst\u00fctzt.<br><br><\/li>\n\n\n\n<li><strong>F\u00f6rderung eines gesunden Zyklus<\/strong><br><br>Nach dem Absetzen der Pille kann es oft einige Monate, bis der nat\u00fcrliche Menstruationszyklus wiederhergestellt ist. Ganzheitliche K\u00f6rperarbeit wirkt regulierend auf die Geb\u00e4rmutter, die Eierst\u00f6cke und den Beckenboden. Dies hilft, die Durchblutung im Beckenbereich zu verbessern und energetische Blockaden zu l\u00f6sen. Reflexzonen und Meridiane, die mit der Fortpflanzung und hormonellen Gesundheit in Verbindung stehen (z. B. Leber-, Milz- und Nieren-Meridiane), werden gezielt behandelt.<br><br><\/li>\n\n\n\n<li><strong>Stressabbau und emotionale Unterst\u00fctzung<\/strong><br><br>Der K\u00f6rper erlebt nach dem Absetzen der Pille oft Stress, insbesondere wenn hormonelle Ver\u00e4nderungen auftreten. Ganzheitliche K\u00f6rperarbeit hilft, das Nervensystem zu beruhigen, indem sie die Parasympathikus-Aktivit\u00e4t f\u00f6rdert (Ruhe- und Regenerationsmodus). Sie bietet zudem Raum f\u00fcr die Verarbeitung emotionaler Themen, die mit hormonellen Ver\u00e4nderungen oder der Entscheidung, die Pille abzusetzen, einhergehen.<br><br><\/li>\n\n\n\n<li><strong>Linderung spezifischer Beschwerden<\/strong>\n<ul class=\"wp-block-list\">\n<li>Hautprobleme (unreine Haut): Massagen und Techniken zur Anregung des<br>Lymphflusses k\u00f6nnen die Hautgesundheit f\u00f6rdern, indem sie die Entgiftung<br>unterst\u00fctzen.<\/li>\n\n\n\n<li>M\u00fcdigkeit und Ersch\u00f6pfung: Ganzheitliche K\u00f6rperarbeit wirkt vitalisierend,<br>verbessert die Energiezirkulation (z. B. Qi im Shiatsu) und st\u00e4rkt die Nebennieren,<br>die oft durch hormonelle Ver\u00e4nderungen beansprucht werden.<\/li>\n\n\n\n<li>Stimmungsschwankungen: Sanfte, beruhigende Ber\u00fchrungen und Techniken zur<br>Aktivierung des Vagusnervs f\u00f6rdern emotionale Stabilit\u00e4t und innere Balance.<br><br><\/li>\n<\/ul>\n<\/li>\n\n\n\n<li><strong>Unterst\u00fctzung der Selbstheilungskr\u00e4fte<\/strong><br><br>Ganzheitliche Ans\u00e4tze st\u00e4rken die F\u00e4higkeit des K\u00f6rpers, sich selbst zu regulieren und heilen, indem sie Blockaden l\u00f6sen und die nat\u00fcrliche Hom\u00f6ostase f\u00f6rdern. Dies kann den \u00dcbergang zu einem hormonellen Gleichgewicht nach dem Absetzen der Pille beschleunigen.<\/li>\n<\/ol>\n\n\n\n<p><\/p>\n<\/div>\n<\/div>\n\n\n\n<div style=\"height:100px\" aria-hidden=\"true\" class=\"wp-block-spacer\"><\/div>\n<\/div><\/div>\n<\/div><\/div>\n\n\n\n<div style=\"height:100px\" aria-hidden=\"true\" class=\"wp-block-spacer\"><\/div>\n\n\n\n<p><strong>Bei Wechseljahrs- und Menstruationsbeschwerden kann holistische K\u00f6rperarbeit auf mehreren Ebenen unterst\u00fctzend wirken:<\/strong><br><\/p>\n\n\n\n<p>Die Wechseljahre bringen hormonelle Ver\u00e4nderungen mit sich, die sowohl k\u00f6rperliche als auch emotionale Beschwerden verursachen k\u00f6nnen. Holistische K\u00f6rperarbeit, Shiatsu und Frequenzen der Vitalfeldtherapie unterst\u00fctzen dabei:<br><\/p>\n\n\n\n<p><strong>Hormonelle Balance<\/strong><\/p>\n\n\n\n<ul class=\"wp-block-list\">\n<li>Holistische K\u00f6rperarbeit, Shiatsu und<strong> sanfte Massagen<\/strong> f\u00f6rdern die Durchblutung und den Lymphfluss, wodurch die Funktion der hormonproduzierenden Dr\u00fcsen (z. B. Eierst\u00f6cke, Nebennieren) unterst\u00fctzt wird.<\/li>\n\n\n\n<li><strong>Energetische Techniken<\/strong> wirken regulierend auf die Meridiane, die mit den Hormonsystemen verbunden sind.<br><\/li>\n<\/ul>\n\n\n\n<p><strong>Linderung von Hitzewallungen und Schlafst\u00f6rungen<\/strong><\/p>\n\n\n\n<ul class=\"wp-block-list\">\n<li><strong>Atem\u00fcbungen<\/strong>: Tiefe, bewusste Atemtechniken beruhigen das Nervensystem, regulieren den Kreislauf und helfen, Hitzewallungen zu reduzieren.<\/li>\n\n\n\n<li><strong>Somatische Ans\u00e4tze<\/strong>: Methoden wie Shiatsu und die Vitalfeld Behandlung helfen, das Nervensystem zu entspannen und den K\u00f6rper in den parasympathischen Modus zu bringen, der f\u00fcr erholsamen Schlaf und Regeneration wichtig ist.<\/li>\n<\/ul>\n\n\n\n<p><strong>Emotionale Unterst\u00fctzung<\/strong><\/p>\n\n\n\n<ul class=\"wp-block-list\">\n<li><strong>K\u00f6rperbewusstseinsarbeit <\/strong>hilft, emotionale Spannungen und \u00c4ngste loszulassen, die in den Wechseljahren h\u00e4ufig auftreten.<\/li>\n\n\n\n<li><strong>L\u00f6sen von Traumata und energetischen Blockaden<\/strong>: Wechseljahre sind oft eine Zeit der Transformation. Holistische K\u00f6rperarbeit kann dabei helfen, alte emotionale Muster zu erkennen und loszulassen.<\/li>\n<\/ul>\n\n\n\n<div style=\"height:100px\" aria-hidden=\"true\" class=\"wp-block-spacer\"><\/div>\n\n\n\n<div class=\"wp-block-group alignfull has-background\" style=\"background-color:#e5e9ec\"><div class=\"wp-block-group__inner-container is-layout-flow wp-block-group-is-layout-flow\">\n<div class=\"wp-block-group\"><div class=\"wp-block-group__inner-container is-layout-flow wp-block-group-is-layout-flow\">\n<div class=\"wp-block-columns is-layout-flex wp-container-core-columns-is-layout-9d6595d7 wp-block-columns-is-layout-flex\">\n<div class=\"wp-block-column is-layout-flow wp-block-column-is-layout-flow\">\n<div style=\"height:100px\" aria-hidden=\"true\" class=\"wp-block-spacer\"><\/div>\n\n\n\n<h2 class=\"wp-block-heading\">Wirkweise bei Menstruationsbeschwerden<\/h2>\n\n\n\n<p><br>Menstruationsbeschwerden wie Kr\u00e4mpfe, PMS, Kopfschmerzen und Ersch\u00f6pfung k\u00f6nnen<br>durch ganzheitliche Ans\u00e4tze gelindert werden:<\/p>\n\n\n\n<ol class=\"wp-block-list\"><\/ol>\n\n\n\n<p><strong>Schmerzlinderung<\/strong><\/p>\n\n\n\n<ul class=\"wp-block-list\">\n<li><strong>Sanfte Massagen im Bauch- und Beckenbereich<\/strong> (z. B. Viszerale K\u00f6rperarbeit) f\u00f6rdern die Durchblutung der Geb\u00e4rmutter und l\u00f6sen Spannungen im Becken.<\/li>\n\n\n\n<li><strong>Meridianarbeit und Moxenwirken<\/strong> entspannend und lindern Kr\u00e4mpfe. <\/li>\n<\/ul>\n\n\n\n<p><\/p>\n\n\n\n<p><strong>Regulation des Zyklus<\/strong><\/p>\n\n\n\n<ul class=\"wp-block-list\">\n<li><strong>Energetische K\u00f6rperarbeit<\/strong>: Durch die Harmonisierung der Meridiane, die mit den Fortpflanzungsorganen verbunden sind (z. B. Nieren- und Lebermeridian), wird die hormonelle Regulation unterst\u00fctzt.<\/li>\n\n\n\n<li>Gezielte Meridianbehandlung und <strong>l\u00f6sen von verklebten Faszien<\/strong> unterst\u00fctzen den Abtransport von Toxinen und \u00fcbersch\u00fcssigen Hormonen, die Menstruationsbeschwerden verst\u00e4rken k\u00f6nnen.<\/li>\n<\/ul>\n\n\n\n<p>Durch regelm\u00e4\u00dfige Anwendung k\u00f6nnen Wechseljahrs- und Menstruationsbeschwerden deutlich reduziert und das allgemeine Wohlbefinden gesteigert werden.<\/p>\n<\/div>\n<\/div>\n\n\n\n<div style=\"height:100px\" aria-hidden=\"true\" class=\"wp-block-spacer\"><\/div>\n<\/div><\/div>\n<\/div><\/div>\n\n\n\n<div style=\"height:100px\" aria-hidden=\"true\" class=\"wp-block-spacer\"><\/div>\n","protected":false},"excerpt":{"rendered":"<p>Holistische (ganzheitliche) K\u00f6rperarbeit zielt darauf ab, K\u00f6rper, Geist und Seele in Einklang zu bringen und kann Frauen nach dem Absetzen der Pille, aber auch bei Menstruationsbeschwerden, Wechseljahresbeschwerden, Zysten und Myomen auf vielf\u00e4ltige Weise unterst\u00fctzen. Das Absetzen hormoneller Verh\u00fctungsmittel, wie der Antibabypille, kann den K\u00f6rper vor\u00fcbergehend aus dem Gleichgewicht bringen und zu hormonellen Problemen wie unregelm\u00e4\u00dfigen &hellip; <\/p>\n<p class=\"link-more\"><a href=\"https:\/\/www.margit-danninger.at\/?page_id=828\" class=\"more-link\">Mehr <span class=\"screen-reader-text\">\u00fcber &#8222;Frauengesundheit&#8220; <\/span>Lesen<\/a><\/p>\n","protected":false},"author":1,"featured_media":0,"parent":0,"menu_order":0,"comment_status":"closed","ping_status":"closed","template":"","meta":{"footnotes":""},"class_list":["post-828","page","type-page","status-publish","hentry"],"_links":{"self":[{"href":"https:\/\/www.margit-danninger.at\/index.php?rest_route=\/wp\/v2\/pages\/828","targetHints":{"allow":["GET"]}}],"collection":[{"href":"https:\/\/www.margit-danninger.at\/index.php?rest_route=\/wp\/v2\/pages"}],"about":[{"href":"https:\/\/www.margit-danninger.at\/index.php?rest_route=\/wp\/v2\/types\/page"}],"author":[{"embeddable":true,"href":"https:\/\/www.margit-danninger.at\/index.php?rest_route=\/wp\/v2\/users\/1"}],"replies":[{"embeddable":true,"href":"https:\/\/www.margit-danninger.at\/index.php?rest_route=%2Fwp%2Fv2%2Fcomments&post=828"}],"version-history":[{"count":17,"href":"https:\/\/www.margit-danninger.at\/index.php?rest_route=\/wp\/v2\/pages\/828\/revisions"}],"predecessor-version":[{"id":1026,"href":"https:\/\/www.margit-danninger.at\/index.php?rest_route=\/wp\/v2\/pages\/828\/revisions\/1026"}],"wp:attachment":[{"href":"https:\/\/www.margit-danninger.at\/index.php?rest_route=%2Fwp%2Fv2%2Fmedia&parent=828"}],"curies":[{"name":"wp","href":"https:\/\/api.w.org\/{rel}","templated":true}]}}