{"id":89,"date":"2021-08-26T16:36:31","date_gmt":"2021-08-26T14:36:31","guid":{"rendered":"https:\/\/localhost\/margit\/?page_id=89"},"modified":"2024-09-22T09:56:39","modified_gmt":"2024-09-22T07:56:39","slug":"meine-kompetenzen","status":"publish","type":"page","link":"https:\/\/www.margit-danninger.at\/?page_id=89","title":{"rendered":"Meine Ausbildungen"},"content":{"rendered":"\n<div class=\"wp-block-columns is-layout-flex wp-container-core-columns-is-layout-9d6595d7 wp-block-columns-is-layout-flex\">\n<div class=\"wp-block-column is-layout-flow wp-block-column-is-layout-flow\">\n<div class=\"wp-block-columns is-layout-flex wp-container-core-columns-is-layout-9d6595d7 wp-block-columns-is-layout-flex\">\n<div class=\"wp-block-column is-layout-flow wp-block-column-is-layout-flow\">\n<ul class=\"wp-block-list\">\n<li>1998 Lehrabschluss Drogistin, Kr\u00e4uterhandlung E.Ritzberger\/Schutzengelapotheke, Linz<\/li>\n\n\n\n<li>1999 Lehrabschluss Pharmazeutisch-kaufm\u00e4nnische Assistentin (PKA), Auhof-Apotheke, Linz<\/li>\n\n\n\n<li>2007 Sch\u00fcssler Mineralstoffberatung und Antlitzanalyse, Perg<\/li>\n\n\n\n<li>2008 N\u00e4hrstoff-PKA, N\u00e4hrstoffakademie Salzburg<\/li>\n\n\n\n<li>2009 &#8211; 2010 Diplom Bachbl\u00fctenberaterin, Bachbl\u00fcteninstitut Mechthild Scheffer, Wien<\/li>\n\n\n\n<li>2010 &#8211; 2013 Dreij\u00e4hrige Ausbildung an der Akademie f\u00fcr Traditionelle Europ\u00e4ische Medizin, Abschuss mit Zertifikat in Gold, Windischgarsten<\/li>\n\n\n\n<li>2014 Diplom Energetische Iridologie, Heilpraktikerin Vistara Haiduk, BaBl\u00fc Akademie Graz<\/li>\n\n\n\n<li>2015 Diplom Iridologie, Heilpraktiker Thomas Rolin, Wien<\/li>\n\n\n\n<li>2015 Gemmotherapie &#8211; Knospen in der Naturheilkunde, Chrischta Ganz, Wels<\/li>\n\n\n\n<li>2016 Diplom Spagyrik, Heilpraktiker Hans Gerhard Wicklein, Hallein<\/li>\n\n\n\n<li>2016 &#8211; 2019 Zahlreiche Weiterbildungen in alchemistischem Arbeiten, Spagyrik und Signaturenkunde nach Peter Hochmeier<\/li>\n\n\n\n<li>2017 Professionelle Praktische Kinesiologie, Gesellschaft f\u00fcr Energiemedizin, Wien<\/li>\n\n\n\n<li>2017 &#8211; 2020 Diplom Physioenergetik (Holistische Kinesiologie), Raphael van Assche MSc D.O., Wiener Schule f\u00fcr Osteopathie (WSO)<\/li>\n\n\n\n<li>2019 Autonome Osteopathische Repositionstechnik (AORT), Raphael van Assche MSc D.O., Wiener Schule f\u00fcr Osteopathie (WSO)<\/li>\n\n\n\n<li>2019 Meridianlehre Raimund Engel MSc D. O., Wiener Schule f\u00fcr Osteopathie (WSO)<\/li>\n\n\n\n<li>2019 Brain Formatting Kinesiologie, Iris Lichtenberger, Wallsee<\/li>\n\n\n\n<li>2019 Phytopharma Fortbildungen im Rahmen der Traditionellen Europ\u00e4ischen Medizin<\/li>\n\n\n\n<li>2019 Diplom Angewandte Psychoneuroimmunologie (aPNI), Dr. Markus Stark, Internationale Akademie f\u00fcr Ganzheitsmedizin (GAMED), Wien<\/li>\n\n\n\n<li>2020 &#8211; 2023 Hara Shiatsu Praktiker, International Academy for Hara Shiatsu, Wien<\/li>\n\n\n\n<li>2022 Gyn\u00e4kologie-Praktikum, International Academy for Hara Shiatsu, Wien<\/li>\n\n\n\n<li>seit 2021 Vitalfeldpraktikerin, laufend Fortbildungen<\/li>\n\n\n\n<li>2021 Westliche Kr\u00e4uter aus Sicht der Traditionellen Chinesischen Medizin (TCM), Wien<\/li>\n\n\n\n<li>2022 Orthomolekulare Therapie f\u00fcr die Praxis, Dr. Markus Stark, Turnau<\/li>\n\n\n\n<li>2023 Mycotherapie (Vitalpilze), Wien<\/li>\n\n\n\n<li>2023 REHA-Praktikum, International Academy for Hara Shiatsu, Wien<\/li>\n\n\n\n<li>2024 Hara, Lebensmitte &amp; viszerale K\u00f6rperarbeit bei Osteopathin Mag. Anja Bader <\/li>\n<\/ul>\n\n\n\n<p><\/p>\n\n\n\n<p><\/p>\n<\/div>\n<\/div>\n<\/div>\n<\/div>\n","protected":false},"excerpt":{"rendered":"","protected":false},"author":1,"featured_media":0,"parent":0,"menu_order":0,"comment_status":"closed","ping_status":"closed","template":"","meta":{"footnotes":""},"class_list":["post-89","page","type-page","status-publish","hentry"],"_links":{"self":[{"href":"https:\/\/www.margit-danninger.at\/index.php?rest_route=\/wp\/v2\/pages\/89","targetHints":{"allow":["GET"]}}],"collection":[{"href":"https:\/\/www.margit-danninger.at\/index.php?rest_route=\/wp\/v2\/pages"}],"about":[{"href":"https:\/\/www.margit-danninger.at\/index.php?rest_route=\/wp\/v2\/types\/page"}],"author":[{"embeddable":true,"href":"https:\/\/www.margit-danninger.at\/index.php?rest_route=\/wp\/v2\/users\/1"}],"replies":[{"embeddable":true,"href":"https:\/\/www.margit-danninger.at\/index.php?rest_route=%2Fwp%2Fv2%2Fcomments&post=89"}],"version-history":[{"count":14,"href":"https:\/\/www.margit-danninger.at\/index.php?rest_route=\/wp\/v2\/pages\/89\/revisions"}],"predecessor-version":[{"id":794,"href":"https:\/\/www.margit-danninger.at\/index.php?rest_route=\/wp\/v2\/pages\/89\/revisions\/794"}],"wp:attachment":[{"href":"https:\/\/www.margit-danninger.at\/index.php?rest_route=%2Fwp%2Fv2%2Fmedia&parent=89"}],"curies":[{"name":"wp","href":"https:\/\/api.w.org\/{rel}","templated":true}]}}